{"id":328,"date":"2024-04-05T21:30:59","date_gmt":"2024-04-05T19:30:59","guid":{"rendered":"http:\/\/192.168.186.150\/pagina\/?page_id=328"},"modified":"2025-10-22T17:04:57","modified_gmt":"2025-10-22T21:04:57","slug":"descripcion-de-los-objetivos-y-funciones-principales-de-la-entidad-2","status":"publish","type":"page","link":"https:\/\/www.autoridadminera.gob.bo\/index.php\/descripcion-de-los-objetivos-y-funciones-principales-de-la-entidad-2\/","title":{"rendered":"OBJETIVOS INSTITUCIONALES"},"content":{"rendered":"\n<div class=\"wp-block-columns is-layout-flex wp-container-core-columns-is-layout-9d6595d7 wp-block-columns-is-layout-flex\">\n<div class=\"wp-block-column is-layout-flow wp-block-column-is-layout-flow\" style=\"flex-basis:100%\">\n<figure class=\"wp-block-gallery has-nested-images columns-default is-cropped wp-block-gallery-1 is-layout-flex wp-block-gallery-is-layout-flex\">\n<figure class=\"wp-block-image size-large\"><img loading=\"lazy\" decoding=\"async\" width=\"1920\" height=\"1080\" data-id=\"18088\" src=\"https:\/\/www.autoridadminera.gob.bo\/wp-content\/uploads\/2025\/09\/catastro1.jpg\" alt=\"\" class=\"wp-image-18088\"\/><\/figure>\n<\/figure>\n<\/div>\n<\/div>\n\n\n\n<p class=\"has-text-align-left\"><strong>Objetivo 1<\/strong>: Fortalecer y sistematizar la administraci\u00f3n del Catastro y Cuadriculado Minero.<br><strong>Objetivo 2<\/strong>: Fiscalizar y emitir opini\u00f3n fundada sobre la eficiencia y eficacia de la gesti\u00f3n de las Direcciones Departamentales y Regional y del adecuado cumplimiento de sus atribuciones, as\u00ed como el<br>establecimiento de directrices que permitan la fiscalizaci\u00f3n y el control de las actividades mineras, acciones contra la explotaci\u00f3n ilegal de recursos minerales y optimizaci\u00f3n de resultados en el proceso<br>de Consulta Previa.<\/p>\n\n\n\n<p class=\"has-text-align-left\"><strong>Objetivo 3<\/strong>: Gestionar la otorgaci\u00f3n, adecuaci\u00f3n, extinci\u00f3n y protecci\u00f3n jur\u00eddica de derechos mineros, as\u00ed como la fiscalizaci\u00f3n y control de la actividad minera, conforme lo establecido en la normativa legal vigente.<br><strong>Objetivo 4<\/strong>: Optimizar una gesti\u00f3n administrativa financiera, jur\u00eddico legal, planificaci\u00f3n, comunicaci\u00f3n,<br>tecnol\u00f3gica, control interno, y transparencia institucional.<\/p>\n\n\n\n<p><\/p>\n\n\n\n<p>&nbsp;<\/p>\n\n\n\n<p><\/p>\n","protected":false},"excerpt":{"rendered":"<p>Objetivo 1: Fortalecer y sistematizar la administraci\u00f3n del Catastro y Cuadriculado Minero.Objetivo 2: Fiscalizar y emitir opini\u00f3n fundada sobre la eficiencia y eficacia de la gesti\u00f3n de las Direcciones Departamentales y Regional y del adecuado cumplimiento de sus atribuciones, as\u00ed como elestablecimiento de directrices que permitan la fiscalizaci\u00f3n y el control de las actividades mineras, [&hellip;]<\/p>\n","protected":false},"author":1,"featured_media":0,"parent":0,"menu_order":0,"comment_status":"closed","ping_status":"closed","template":"","meta":{"_acf_changed":false,"footnotes":""},"class_list":["post-328","page","type-page","status-publish","hentry"],"acf":[],"_links":{"self":[{"href":"https:\/\/www.autoridadminera.gob.bo\/index.php\/wp-json\/wp\/v2\/pages\/328","targetHints":{"allow":["GET"]}}],"collection":[{"href":"https:\/\/www.autoridadminera.gob.bo\/index.php\/wp-json\/wp\/v2\/pages"}],"about":[{"href":"https:\/\/www.autoridadminera.gob.bo\/index.php\/wp-json\/wp\/v2\/types\/page"}],"author":[{"embeddable":true,"href":"https:\/\/www.autoridadminera.gob.bo\/index.php\/wp-json\/wp\/v2\/users\/1"}],"replies":[{"embeddable":true,"href":"https:\/\/www.autoridadminera.gob.bo\/index.php\/wp-json\/wp\/v2\/comments?post=328"}],"version-history":[{"count":16,"href":"https:\/\/www.autoridadminera.gob.bo\/index.php\/wp-json\/wp\/v2\/pages\/328\/revisions"}],"predecessor-version":[{"id":19930,"href":"https:\/\/www.autoridadminera.gob.bo\/index.php\/wp-json\/wp\/v2\/pages\/328\/revisions\/19930"}],"wp:attachment":[{"href":"https:\/\/www.autoridadminera.gob.bo\/index.php\/wp-json\/wp\/v2\/media?parent=328"}],"curies":[{"name":"wp","href":"https:\/\/api.w.org\/{rel}","templated":true}]}}