{"id":401,"date":"2024-04-05T21:34:07","date_gmt":"2024-04-05T19:34:07","guid":{"rendered":"http:\/\/192.168.186.150\/pagina\/?page_id=401"},"modified":"2025-09-15T18:55:43","modified_gmt":"2025-09-15T22:55:43","slug":"pei-descargable","status":"publish","type":"page","link":"https:\/\/www.autoridadminera.gob.bo\/index.php\/pei-descargable\/","title":{"rendered":"Plan Estrat\u00e9gico Institucional (PEI)"},"content":{"rendered":"\n<p>La Autoridad Jurisdiccional Administrativa Minera (AJAM) formul\u00f3 su Plan Estrat\u00e9gico Institucional (PEI) 2021-2025 en base a dos Objetivos Estrat\u00e9gicos, los cuales son evaluados de manera anual con el fin de medir el grado de avance en el cumplimiento de las metas establecidas.<\/p>\n\n\n\n<p><strong>Objetivo Estrat\u00e9gico 1:<\/strong><br>Incrementar de 2.185 a 6.664 la otorgaci\u00f3n de derechos mineros a los actores productivos y garantizar la protecci\u00f3n jur\u00eddica de los mismos, mediante la Direcci\u00f3n, Administraci\u00f3n Superior, control, fiscalizaci\u00f3n de la actividad minera e implementaci\u00f3n de mecanismos de simplificaci\u00f3n y descongestionamiento<br>administrativo a nivel nacional.<\/p>\n\n\n\n<p><strong>Objetivo Estrat\u00e9gico 2:<\/strong><br>Incrementar del 79% al 100% la eficacia en la ejecuci\u00f3n de acciones de apoyo administrativo (asesoramiento, control y planificaci\u00f3n) de la AJAM a nivel nacional.<\/p>\n\n\n\n<p><\/p>\n\n\n\n<p><strong>ATRIBUCIONES DE LA AJAM<\/strong><\/p>\n\n\n\n<p><strong>A) Otorgaci\u00f3n de derechos mineros:<\/strong><\/p>\n\n\n\n<ul class=\"wp-block-list\">\n<li>Suscribir Contratos Administrativos Mineros (CAM).<\/li>\n\n\n\n<li>Otorgar Licencias de Prospecci\u00f3n y Exploraci\u00f3n (LPE).<\/li>\n\n\n\n<li>Otorgar Licencias de Prospecci\u00f3n A\u00e9rea.<\/li>\n\n\n\n<li>Otorgar Licencias de Operaci\u00f3n.<\/li>\n\n\n\n<li>Otorgar Licencias de Comercializaci\u00f3n.&nbsp;<\/li>\n<\/ul>\n\n\n\n<p><strong>B) Consulta Previa en Materia Minera:<\/strong><\/p>\n\n\n\n<p>La Consulta Previa en materia minera es un derecho fundamental de las Naciones y Pueblos Ind\u00edgenas Originarios Campesinos, Comunidades y Pueblo Afroboliviano, a ser consultados por el Estado para la implementaci\u00f3n de posibles proyectos mineros en sus territorios respetando sus normas y procedimientos propios.<\/p>\n\n\n\n<p>En el marco de la Ley de Miner\u00eda y Metalurgia, la Consulta Previa en materia minera es realizada obligatoriamente en toda solicitud de Contrato Administrativo Minero.&nbsp;<\/p>\n\n\n\n<p><strong>C) Adecuaci\u00f3n de derechos mineros:<\/strong><\/p>\n\n\n\n<p>Es el procedimiento por el cual los derechos mineros otorgados conforme al anterior r\u00e9gimen normativo deben adecuarse al actual r\u00e9gimen normativo (Constituci\u00f3n Pol\u00edtica del Estado y Ley de Miner\u00eda y Metalurgia), a trav\u00e9s de la suscripci\u00f3n de Contrato Administrativo Minero.<\/p>\n\n\n\n<p>De acuerdo a la Ley de Miner\u00eda y Metalurgia, en la adecuaci\u00f3n de derechos mineros no se establece la obligaci\u00f3n de llevar a cabo el proceso de Consulta Previa, ni la aprobaci\u00f3n legislativa.<\/p>\n\n\n\n<p><strong>D) Acciones contra la explotaci\u00f3n ilegal de recursos minerales:<\/strong><\/p>\n\n\n\n<p>De acuerdo a la Ley de Miner\u00eda y Metalurgia, la AJAM se encuentra facultada para promover y\/o interponer acciones legales en contra quienes realicen explotaci\u00f3n ilegal de recursos minerales en \u00e1reas libres, asimismo, esta actividad se constituye en un delito sancionado con privaci\u00f3n de libertad, de cuatro (4) a ocho (8) a\u00f1os conforme lo dispuesto en el Art\u00edculo 232 ter del C\u00f3digo Penal Boliviano.<\/p>\n\n\n\n<p><strong>E) Fiscalizaci\u00f3n y control:<\/strong><\/p>\n\n\n\n<ul class=\"wp-block-list\">\n<li>Implementar los procedimientos de resoluci\u00f3n de los CAM, previa verificaci\u00f3n realizada por el Viceministerio de Pol\u00edtica Minera, Regulaci\u00f3n y Fiscalizaci\u00f3n.<\/li>\n\n\n\n<li>Emitir los actos administrativos de reversi\u00f3n de ATE por inactividad minera evidenciada por el Viceministerio de Pol\u00edtica Minera, Regulaci\u00f3n y Fiscalizaci\u00f3n (en el marco de la Ley N\u00b0 403).<\/li>\n\n\n\n<li>La actividad de fiscalizaci\u00f3n que realiza la AJAM es compartida con el Viceministerio de Pol\u00edtica Minera, Regulaci\u00f3n y Fiscalizaci\u00f3n del Ministerio de Miner\u00eda y Metalurgia.<\/li>\n<\/ul>\n\n\n\n<p><strong>F) Protecci\u00f3n jur\u00eddica de derechos mineros:<\/strong><\/p>\n\n\n\n<ul class=\"wp-block-list\">\n<li>Tramitar y resolver solicitudes de Amparo Administrativo Minero por perturbar el normal desarrollo de actividades mineras.<\/li>\n\n\n\n<li>Tramitar y resolver las denuncias de Propase (titular de derecho minero que invada el \u00e1rea de otro titular contiguo).<\/li>\n\n\n\n<li>Tramitar y atender las solicitudes de Derecho de Paso y Uso.<\/li>\n<\/ul>\n\n\n\n<p><strong>G) Administraci\u00f3n t\u00e9cnica catastral:<\/strong><\/p>\n\n\n\n<ul class=\"wp-block-list\">\n<li>Administrar el Catastro y Cuadriculado Minero.<\/li>\n\n\n\n<li>Administrar el Registro Minero.<\/li>\n\n\n\n<li>Administrar la base de datos gr\u00e1fica y alfanum\u00e9rica de las \u00e1reas mineras.<\/li>\n\n\n\n<li>Publicar la Gaceta Nacional Minera.<\/li>\n\n\n\n<li>Cobrar y controlar el pago de la Patente Minera.<\/li>\n<\/ul>\n\n\n\n<p><strong>H). Servicios t\u00e9cnicos especializados<\/strong><\/p>\n\n\n\n<ul class=\"wp-block-list\">\n<li>Cartograf\u00eda.<\/li>\n\n\n\n<li>Geodesia.<\/li>\n\n\n\n<li>Geodesia y topograf\u00eda de campo.<\/li>\n<\/ul>\n\n\n<div class=\"widget widget_documentos_widget\">        <section\n            id=\"documentos\"><div class=\"container p-4\">\n    <div class=\"row\">\n        <div class=\"col-12 col-md-12\">\n            <article id=\"post-401\" class=\"post-401 page type-page status-publish hentry\">\n                <h4>\n                    Documentos                <\/h4>\n\n\n\n                <form id=\"form-buscar_documentos\" role=\"search\" method=\"get\" class=\"form-inline border border-0\" action=\"https:\/\/www.autoridadminera.gob.bo\/index.php\/pei-descargable\/\">\n                    <div class=\"row align-items-end gy-3 pb-3\">\n\n                        <!-- Filtro A\u00f1o -->\n                        <div class=\"col-12 col-md-auto\">\n                            <label for=\"filtroAnioId\" class=\"icono-color form-label fw-semibold\">A\u00f1o<\/label>\n                            <select id=\"filtroAnioId\" name=\"anio\" class=\"form-select fondo-default texto-default\">\n                                <option value=\"\" selected>Seleccionar a\u00f1o<\/option>\n                                \n\n                                    <option value=\"2024\" >\n                                        2024                                    <\/option>\n                                \n\n                                    <option value=\"2023\" >\n                                        2023                                    <\/option>\n                                \n\n                                    <option value=\"2022\" >\n                                        2022                                    <\/option>\n                                \n\n                                    <option value=\"2016\" >\n                                        2016                                    <\/option>\n                                \n\n                                    <option value=\"2015\" >\n                                        2015                                    <\/option>\n                                \n\n                                    <option value=\"2014\" >\n                                        2014                                    <\/option>\n                                                            <\/select>\n                        <\/div>\n\n                        <!-- Filtro Titulo -->\n\n                        <div class=\"col-12 col-md-auto\">\n                            <label for=\"filtroTituloId\" class=\"icono-color form-label fw-semibold\">Descripci\u00f3n<\/label>\n\n                            <div class=\"input-group texto-default\" style=\"display: flex !important; \">\n\n                                <input type=\"text\" id=\"filtroTituloId\" placeholder=\"Buscar por descripci\u00f3n\" name=\"titulo\" class=\"form-control fondo-default texto-default\" value=\"\">\n                                <button style=\"cursor: pointer;\" onclick=\"resetarFormulario('filtroTituloId', 'form-buscar_documentos' )\" class=\"input-group-text fondo-default\" id=\"clearInputdocumentos\"><i class=\"bi bi-x-circle-fill texto-default\"><\/i><\/button>\n                            <\/div>\n                        <\/div>\n\n                        <!-- Bot\u00f3n de B\u00fasqueda -->\n                        <div class=\"col-12 col-md-auto\">\n                            <button class=\"btn boton text-white\">Buscar en esta categoria <i class=\"bi bi-search\"><\/i><\/button>\n                        <\/div>\n                    <\/div>\n                <\/form>\n\n\n                <div class=\"table-responsive\">\n                    <table class=\"table\">\n                        <thead>\n                            <tr>\n                                <th class=\"titulo-columna\" scope=\"col\">A\u00f1o<\/th>\n                                <th class=\"titulo-columna\">Descripci\u00f3n<\/th>\n                                <th class=\"titulo-columna\" scope=\"col\">Documento<\/th>\n                            <\/tr>\n                        <\/thead>\n                        <tbody>\n                                                                <tr>\n                                        <td>2014<\/td>\n                                        <td>CONVENIO N\u00daM. 169 DE LA OIT SOBRE PUEBLOS IND\u00cdGENAS Y TRIBALES DECLARACI\u00d3N DE LAS NACIONES UNIDAS SOBRE LOS DERECHOS DE LOS PUEBLOS IND\u00cdGENAS<\/td>\n                                        <td>\n                                            <ul class=\"list-unstyled\">\n                                                <li><a href=\"https:\/\/www.autoridadminera.gob.bo\/wp-content\/uploads\/2025\/10\/CONVENIO-169-DE-LA-OIT_compressed.pdf\" target=\"_blank\"><i class=\"bi bi-file-earmark-pdf icono-pdf\"><\/i> Descargar archivo<\/a><\/li>\n                                            <\/ul>\n                                        <\/td>\n                                    <\/tr>\n                                                                    <tr>\n                                        <td>2014<\/td>\n                                        <td>DECLARACI\u00d3N DE LAS NACIONES UNIDAS SOBRE LOS DERECHOS DE LOS PUEBLOS IND\u00cdGENAS <\/td>\n                                        <td>\n                                            <ul class=\"list-unstyled\">\n                                                <li><a href=\"https:\/\/www.autoridadminera.gob.bo\/wp-content\/uploads\/2025\/10\/DECLARACION-DE-LOS-DDHH-SOBRE-LOS-PUEBLOS-INDIGENAS_compressed.pdf\" target=\"_blank\"><i class=\"bi bi-file-earmark-pdf icono-pdf\"><\/i> Descargar archivo<\/a><\/li>\n                                            <\/ul>\n                                        <\/td>\n                                    <\/tr>\n                                                        <\/tbody>\n                    <\/table>\n                <\/div>\n\n\n                <nav aria-label=\"...\">\n                    <ul class=\"custom-pagination pagination justify-content-center\">\n                                            <\/ul>\n                <\/nav>\n            <\/article>\n        <\/div>\n    <\/div>\n<\/div>        <\/section>\n        <\/div>","protected":false},"excerpt":{"rendered":"<p>La Autoridad Jurisdiccional Administrativa Minera (AJAM) formul\u00f3 su Plan Estrat\u00e9gico Institucional (PEI) 2021-2025 en base a dos Objetivos Estrat\u00e9gicos, los cuales son evaluados de manera anual con el fin de medir el grado de avance en el cumplimiento de las metas establecidas. Objetivo Estrat\u00e9gico 1:Incrementar de 2.185 a 6.664 la otorgaci\u00f3n de derechos mineros a [&hellip;]<\/p>\n","protected":false},"author":1,"featured_media":0,"parent":0,"menu_order":0,"comment_status":"closed","ping_status":"closed","template":"","meta":{"_acf_changed":false,"footnotes":"[]"},"class_list":["post-401","page","type-page","status-publish","hentry"],"acf":[],"_links":{"self":[{"href":"https:\/\/www.autoridadminera.gob.bo\/index.php\/wp-json\/wp\/v2\/pages\/401","targetHints":{"allow":["GET"]}}],"collection":[{"href":"https:\/\/www.autoridadminera.gob.bo\/index.php\/wp-json\/wp\/v2\/pages"}],"about":[{"href":"https:\/\/www.autoridadminera.gob.bo\/index.php\/wp-json\/wp\/v2\/types\/page"}],"author":[{"embeddable":true,"href":"https:\/\/www.autoridadminera.gob.bo\/index.php\/wp-json\/wp\/v2\/users\/1"}],"replies":[{"embeddable":true,"href":"https:\/\/www.autoridadminera.gob.bo\/index.php\/wp-json\/wp\/v2\/comments?post=401"}],"version-history":[{"count":31,"href":"https:\/\/www.autoridadminera.gob.bo\/index.php\/wp-json\/wp\/v2\/pages\/401\/revisions"}],"predecessor-version":[{"id":18167,"href":"https:\/\/www.autoridadminera.gob.bo\/index.php\/wp-json\/wp\/v2\/pages\/401\/revisions\/18167"}],"wp:attachment":[{"href":"https:\/\/www.autoridadminera.gob.bo\/index.php\/wp-json\/wp\/v2\/media?parent=401"}],"curies":[{"name":"wp","href":"https:\/\/api.w.org\/{rel}","templated":true}]}}